{"id":130,"date":"2020-09-15T12:31:16","date_gmt":"2020-09-15T12:31:16","guid":{"rendered":"http:\/\/aislamientosjaipo.es\/?page_id=130"},"modified":"2020-09-16T11:31:37","modified_gmt":"2020-09-16T11:31:37","slug":"colibri-wp","status":"publish","type":"page","link":"https:\/\/aislamientosjaipo.es\/","title":{"rendered":"Inicio"},"content":{"rendered":"<div data-colibri-id=\"130-c1\" class=\"style-226 style-local-130-c1 position-relative\">\r\n  <!---->\r\n  <div data-colibri-component=\"section\" data-colibri-id=\"130-c2\" id=\"overlappable\" class=\"h-section h-section-global-spacing d-flex align-items-lg-center align-items-md-center align-items-center style-240 style-local-130-c2 position-relative\">\r\n    <!---->\r\n    <!---->\r\n    <div class=\"h-section-grid-container h-section-boxed-container\">\r\n      <!---->\r\n      <div data-colibri-id=\"130-c3\" class=\"h-row-container gutters-row-lg-0 gutters-row-md-0 gutters-row-2 gutters-row-v-lg-0 gutters-row-v-md-0 gutters-row-v-2 style-241 style-local-130-c3 position-relative\">\r\n        <!---->\r\n        <div class=\"h-row justify-content-lg-center justify-content-md-center justify-content-center align-items-lg-stretch align-items-md-stretch align-items-stretch gutters-col-lg-0 gutters-col-md-0 gutters-col-2 gutters-col-v-lg-0 gutters-col-v-md-0 gutters-col-v-2\">\r\n          <!---->\r\n          <div class=\"h-column h-column-container d-flex h-col-lg-4 h-col-md-4 h-col-12 style-242-outer style-local-130-c4-outer\">\r\n            <div data-colibri-id=\"130-c4\" class=\"d-flex h-flex-basis h-column__inner h-px-lg-3 h-px-md-3 h-px-2 v-inner-lg-3 v-inner-md-3 v-inner-2 style-242 style-local-130-c4 position-relative\">\r\n              <!---->\r\n              <!---->\r\n              <div class=\"w-100 h-y-container h-column__content h-column__v-align flex-basis-100 align-self-lg-start align-self-md-start align-self-start\">\r\n                <!---->\r\n                <div data-colibri-id=\"130-c5\" class=\"h-icon style-243 style-local-130-c5 position-relative h-element\">\r\n                  <!----><span class=\"h-svg-icon h-icon__icon style-243-icon style-local-130-c5-icon\"><!--Icon by Font Awesome (https:\/\/fontawesome.com)--><svg version=\"1.1\" xmlns=\"http:\/\/www.w3.org\/2000\/svg\" xmlns:xlink=\"http:\/\/www.w3.org\/1999\/xlink\" id=\"building-o\" viewBox=\"0 0 1552.451 1896.0833\"><path d=\"M384 1312v64q0 13-9.5 22.5T352 1408h-64q-13 0-22.5-9.5T256 1376v-64q0-13 9.5-22.5t22.5-9.5h64q13 0 22.5 9.5t9.5 22.5zm0-256v64q0 13-9.5 22.5T352 1152h-64q-13 0-22.5-9.5T256 1120v-64q0-13 9.5-22.5t22.5-9.5h64q13 0 22.5 9.5t9.5 22.5zm256 0v64q0 13-9.5 22.5T608 1152h-64q-13 0-22.5-9.5T512 1120v-64q0-13 9.5-22.5t22.5-9.5h64q13 0 22.5 9.5t9.5 22.5zM384 800v64q0 13-9.5 22.5T352 896h-64q-13 0-22.5-9.5T256 864v-64q0-13 9.5-22.5T288 768h64q13 0 22.5 9.5T384 800zm768 512v64q0 13-9.5 22.5t-22.5 9.5h-64q-13 0-22.5-9.5t-9.5-22.5v-64q0-13 9.5-22.5t22.5-9.5h64q13 0 22.5 9.5t9.5 22.5zm-256-256v64q0 13-9.5 22.5T864 1152h-64q-13 0-22.5-9.5T768 1120v-64q0-13 9.5-22.5t22.5-9.5h64q13 0 22.5 9.5t9.5 22.5zM640 800v64q0 13-9.5 22.5T608 896h-64q-13 0-22.5-9.5T512 864v-64q0-13 9.5-22.5T544 768h64q13 0 22.5 9.5T640 800zM384 544v64q0 13-9.5 22.5T352 640h-64q-13 0-22.5-9.5T256 608v-64q0-13 9.5-22.5T288 512h64q13 0 22.5 9.5T384 544zm768 512v64q0 13-9.5 22.5t-22.5 9.5h-64q-13 0-22.5-9.5t-9.5-22.5v-64q0-13 9.5-22.5t22.5-9.5h64q13 0 22.5 9.5t9.5 22.5zM896 800v64q0 13-9.5 22.5T864 896h-64q-13 0-22.5-9.5T768 864v-64q0-13 9.5-22.5T800 768h64q13 0 22.5 9.5T896 800zM640 544v64q0 13-9.5 22.5T608 640h-64q-13 0-22.5-9.5T512 608v-64q0-13 9.5-22.5T544 512h64q13 0 22.5 9.5T640 544zM384 288v64q0 13-9.5 22.5T352 384h-64q-13 0-22.5-9.5T256 352v-64q0-13 9.5-22.5T288 256h64q13 0 22.5 9.5T384 288zm768 512v64q0 13-9.5 22.5T1120 896h-64q-13 0-22.5-9.5T1024 864v-64q0-13 9.5-22.5t22.5-9.5h64q13 0 22.5 9.5t9.5 22.5zM896 544v64q0 13-9.5 22.5T864 640h-64q-13 0-22.5-9.5T768 608v-64q0-13 9.5-22.5T800 512h64q13 0 22.5 9.5T896 544zM640 288v64q0 13-9.5 22.5T608 384h-64q-13 0-22.5-9.5T512 352v-64q0-13 9.5-22.5T544 256h64q13 0 22.5 9.5T640 288zm512 256v64q0 13-9.5 22.5T1120 640h-64q-13 0-22.5-9.5T1024 608v-64q0-13 9.5-22.5t22.5-9.5h64q13 0 22.5 9.5t9.5 22.5zM896 288v64q0 13-9.5 22.5T864 384h-64q-13 0-22.5-9.5T768 352v-64q0-13 9.5-22.5T800 256h64q13 0 22.5 9.5T896 288zm256 0v64q0 13-9.5 22.5T1120 384h-64q-13 0-22.5-9.5T1024 352v-64q0-13 9.5-22.5t22.5-9.5h64q13 0 22.5 9.5t9.5 22.5zM896 1664h384V128H128v1536h384v-224q0-13 9.5-22.5t22.5-9.5h320q13 0 22.5 9.5t9.5 22.5v224zM1408 64v1664q0 26-19 45t-45 19H64q-26 0-45-19t-19-45V64q0-26 19-45T64 0h1280q26 0 45 19t19 45z\"><\/path><\/svg><\/span><\/div>\r\n                <div\r\n                  data-colibri-id=\"130-c6\" class=\"h-global-transition-all h-heading style-244 style-local-130-c6 position-relative h-element\">\r\n                  <!---->\r\n                  <div class=\"h-heading__outer style-244 style-local-130-c6\">\r\n                    <!---->\r\n                    <!---->\r\n                    <h5 class=\"\">quienes somos<\/h5>\r\n                  <\/div>\r\n              <\/div>\r\n              <div data-colibri-id=\"130-c7\" class=\"h-text h-text-component style-245 style-local-130-c7 position-relative h-element\">\r\n                <!---->\r\n                <!---->\r\n                <div class=\"\">\r\n                  <p>Empresa con m\u00e1s de 20 a\u00f1os de experiencia al servicio de nuestros clientes.&nbsp;<\/p>\r\n                <\/div>\r\n              <\/div>\r\n              <div data-colibri-id=\"130-c8\" class=\"h-x-container style-246 style-local-130-c8 position-relative h-element\">\r\n                <!---->\r\n                <div class=\"h-x-container-inner style-dynamic-130-c8-group style-246-spacing style-local-130-c8-spacing\"><span class=\"h-link__outer style-247-outer style-local-130-c9-outer d-inline-flex h-element\"><a h-use-smooth-scroll=\"true\" href=\"http:\/\/aislamientosjaipo.es\/?page_id=488\"  data-colibri-id=\"130-c9\" class=\"d-flex w-100 align-items-center h-link style-247 style-local-130-c9 position-relative\"><!----><!----> <span>Leer m\u00e1s<\/span>                  <span class=\"h-svg-icon h-link__icon style-247-icon style-local-130-c9-icon\"><!--Icon by Icons8 Line Awesome (https:\/\/icons8.com\/line-awesome)--><svg version=\"1.1\" xmlns=\"http:\/\/www.w3.org\/2000\/svg\" xmlns:xlink=\"http:\/\/www.w3.org\/1999\/xlink\" id=\"angle-double-right\" viewBox=\"0 0 512 545.5\"><path d=\"M145.5 108.5l168 168L325 288l-11.5 11.5-168 168-22.5-23L279.5 288 123 131.5zm112 0l168 168L437 288l-11.5 11.5-168 168-22.5-23L391.5 288 235 131.5z\"><\/path><\/svg><\/span><\/a>\r\n                  <\/span>\r\n                <\/div>\r\n              <\/div>\r\n            <\/div>\r\n          <\/div>\r\n        <\/div>\r\n        <div class=\"h-column h-column-container d-flex h-col-lg-4 h-col-md-4 h-col-12 style-242-outer style-local-130-c10-outer\">\r\n          <div data-colibri-id=\"130-c10\" class=\"d-flex h-flex-basis h-column__inner h-px-lg-3 h-px-md-3 h-px-2 v-inner-lg-3 v-inner-md-3 v-inner-2 style-242 style-local-130-c10 position-relative\">\r\n            <!---->\r\n            <!---->\r\n            <div class=\"w-100 h-y-container h-column__content h-column__v-align flex-basis-100 align-self-lg-start align-self-md-start align-self-start\">\r\n              <!---->\r\n              <div data-colibri-id=\"130-c11\" class=\"h-icon style-243 style-local-130-c11 position-relative h-element\">\r\n                <!----><span class=\"h-svg-icon h-icon__icon style-243-icon style-local-130-c11-icon\"><!--Icon by Font Awesome (https:\/\/fontawesome.com)--><svg version=\"1.1\" xmlns=\"http:\/\/www.w3.org\/2000\/svg\" xmlns:xlink=\"http:\/\/www.w3.org\/1999\/xlink\" id=\"group\" viewBox=\"0 0 1920 1896.0833\"><path d=\"M593 896q-162 5-265 128H194q-82 0-138-40.5T0 865q0-353 124-353 6 0 43.5 21t97.5 42.5T384 597q67 0 133-23-5 37-5 66 0 139 81 256zm1071 637q0 120-73 189.5t-194 69.5H523q-121 0-194-69.5T256 1533q0-53 3.5-103.5t14-109T300 1212t43-97.5 62-81 85.5-53.5T602 960q10 0 43 21.5t73 48 107 48 135 21.5 135-21.5 107-48 73-48 43-21.5q61 0 111.5 20t85.5 53.5 62 81 43 97.5 26.5 108.5 14 109 3.5 103.5zM640 256q0 106-75 181t-181 75-181-75-75-181 75-181T384 0t181 75 75 181zm704 384q0 159-112.5 271.5T960 1024 688.5 911.5 576 640t112.5-271.5T960 256t271.5 112.5T1344 640zm576 225q0 78-56 118.5t-138 40.5h-134q-103-123-265-128 81-117 81-256 0-29-5-66 66 23 133 23 59 0 119-21.5t97.5-42.5 43.5-21q124 0 124 353zm-128-609q0 106-75 181t-181 75-181-75-75-181 75-181 181-75 181 75 75 181z\"><\/path><\/svg><\/span><\/div>\r\n              <div\r\n                data-colibri-id=\"130-c12\" class=\"h-global-transition-all h-heading style-244 style-local-130-c12 position-relative h-element\">\r\n                <!---->\r\n                <div class=\"h-heading__outer style-244 style-local-130-c12\">\r\n                  <!---->\r\n                  <!---->\r\n                  <h5 class=\"\">EQUIPO<\/h5>\r\n                <\/div>\r\n            <\/div>\r\n            <div data-colibri-id=\"130-c13\" class=\"h-text h-text-component style-245 style-local-130-c13 position-relative h-element\">\r\n              <!---->\r\n              <!---->\r\n              <div class=\"\">\r\n                <p>El equipo humano de Jaipo se compone de profesionales altamente cualificados en continua formaci\u00f3n. Personas con una gran capacidad de dedicaci\u00f3n al cumplimiento de los requisitos exigidos por nuestros clientes, con la m\u00e1xima transparencia\r\n                  y plena satisfacci\u00f3n de ver superadas sus expectativas en cada uno de sus proyectos.<\/p>\r\n              <\/div>\r\n            <\/div>\r\n            <div data-colibri-id=\"130-c14\" class=\"h-x-container style-246 style-local-130-c14 position-relative h-element\">\r\n              <!---->\r\n              <div class=\"h-x-container-inner style-dynamic-130-c14-group style-246-spacing style-local-130-c14-spacing\"><span class=\"h-link__outer style-247-outer style-local-130-c15-outer d-inline-flex h-element\"><a h-use-smooth-scroll=\"true\" href=\"http:\/\/aislamientosjaipo.es\/?page_id=491\"  data-colibri-id=\"130-c15\" class=\"d-flex w-100 align-items-center h-link style-247 style-local-130-c15 position-relative\"><!----><!----> <span>Leer m\u00e1s<\/span>                <span class=\"h-svg-icon h-link__icon style-247-icon style-local-130-c15-icon\"><!--Icon by Icons8 Line Awesome (https:\/\/icons8.com\/line-awesome)--><svg version=\"1.1\" xmlns=\"http:\/\/www.w3.org\/2000\/svg\" xmlns:xlink=\"http:\/\/www.w3.org\/1999\/xlink\" id=\"angle-double-right\" viewBox=\"0 0 512 545.5\"><path d=\"M145.5 108.5l168 168L325 288l-11.5 11.5-168 168-22.5-23L279.5 288 123 131.5zm112 0l168 168L437 288l-11.5 11.5-168 168-22.5-23L391.5 288 235 131.5z\"><\/path><\/svg><\/span><\/a>\r\n                <\/span>\r\n              <\/div>\r\n            <\/div>\r\n          <\/div>\r\n        <\/div>\r\n      <\/div>\r\n      <div class=\"h-column h-column-container d-flex h-col-lg-4 h-col-md-4 h-col-12 style-242-outer style-local-130-c16-outer\">\r\n        <div data-colibri-id=\"130-c16\" class=\"d-flex h-flex-basis h-column__inner h-px-lg-3 h-px-md-3 h-px-2 v-inner-lg-3 v-inner-md-3 v-inner-2 style-242 style-local-130-c16 position-relative\">\r\n          <!---->\r\n          <!---->\r\n          <div class=\"w-100 h-y-container h-column__content h-column__v-align flex-basis-100 align-self-lg-start align-self-md-start align-self-start\">\r\n            <!---->\r\n            <div data-colibri-id=\"130-c17\" class=\"h-icon style-243 style-local-130-c17 position-relative h-element\">\r\n              <!----><span class=\"h-svg-icon h-icon__icon style-243-icon style-local-130-c17-icon\"><!--Icon by Socicon (http:\/\/www.socicon.com)--><svg version=\"1.1\" xmlns=\"http:\/\/www.w3.org\/2000\/svg\" viewBox=\"0 0 1500 1500\">\r\n\r\n<path d=\"M1174.62 344.625c-9.81-79.964-40.245-151.351-92.339-212.221-56.399-65.911-122.279-118.605-211.815-132.404-24.615 0-49.214 0-73.83 0-7.935 9.36-6.149 20.745-6.166 31.56-0.149 98.221 0.166 196.44-0.18 294.661-0.226 59.971 7.020 51.601-52.904 52.185-31.365 0.315-31.62-0.166-31.649-30.87-0.060-105.315 0.045-210.645-0.105-315.976 0-10.815 1.77-22.2-6.149-31.56-23.325 0-46.635 0-69.959 0-15.93 4.74-32.73 4.395-48.69 10.635-39.149 15.3-73.125 38.82-105.705 64.32-52.44 41.041-90.435 93.899-117.93 154.096-20.82 45.57-30.825 94.125-34.666 144 0 23.325 0 46.635 0 69.945 4.68 9.105 1.77 19.036 2.834 28.529 11.175 99.51 54.75 183.541 127.83 249.959 28.425 25.83 35.596 51.555 35.31 87.135-1.38 178.471-0.976 356.985-0.435 535.471 0.166 57.57 19.274 105.945 71.070 138.045 20.925 12.959 44.19 12.524 66.495 17.851 84.195 0 168.39 0 252.584 0 5.101-3.81 11.339-2.43 16.875-2.851 40.425-3.135 70.080-23.67 93.255-55.605 21.57-29.7 27.346-64.020 27.42-99.24 0.435-188.834 0.346-377.67-0.029-566.505-0.029-17.536 5.355-29.76 18.899-41.76 56.101-49.77 97.86-109.589 122.084-181.23 12.075-35.745 17.115-72.584 20.745-109.8 0-23.31 0-46.62 0-69.945-4.83-9.029-1.695-18.959-2.851-28.425zM922.2 685.005c-4.726 3.135-10.786 4.695-13.589 10.395 0.029 19.56 0.060 39.089 0.089 58.649 0.209 109.964 0.48 219.945 0.615 329.911 0.089 88.649 0.029 177.286 0 265.935-0.015 32.445-15.825 48.825-48.63 48.976-72.45 0.315-144.93 0.315-217.38 0-32.73-0.149-48.721-16.649-48.735-48.976-0.029-193.455-0.015-386.911 0.015-580.351 0-5.175 0.39-10.32 0.601-15.48-0.209-19.485-0.42-38.971-0.645-58.44-81.209-47.505-136.83-114.87-160.709-206.925-42.029-162 50.43-336.464 207.36-387.435 0 6.045 0 11.459 0 16.875 0 91.26 0 182.52 0 273.779 0 36.825 5.31 42.029 42.81 42.045 45.945 0 91.89 0.089 137.865-0.045 27.51-0.075 33.045-5.625 33.045-32.61 0.029-95.145 0.346-190.291-0.315-285.42-0.12-16.125 4.395-16.605 17.115-10.935 120.675 53.865 192.541 145.68 202.98 277.56 10.23 129.33-43.875 230.73-152.49 302.49z\"><\/path>\r\n<\/svg>\r\n<\/span><\/div>\r\n            <div data-colibri-id=\"130-c18\" class=\"h-global-transition-all h-heading style-244 style-local-130-c18 position-relative h-element\">\r\n              <!---->\r\n              <div class=\"h-heading__outer style-244 style-local-130-c18\">\r\n                <!---->\r\n                <!---->\r\n                <h5 class=\"\">PROYECTOS<\/h5>\r\n              <\/div>\r\n            <\/div>\r\n            <div data-colibri-id=\"130-c19\" class=\"h-text h-text-component style-245 style-local-130-c19 position-relative h-element\">\r\n              <!---->\r\n              <!---->\r\n              <div class=\"\">\r\n                <p>Estamos especializados en particiones y revestimientos interiores tanto en reformas integrales como parciales.&nbsp; &nbsp;<\/p>\r\n              <\/div>\r\n            <\/div>\r\n            <div data-colibri-id=\"130-c20\" class=\"h-x-container style-246 style-local-130-c20 position-relative h-element\">\r\n              <!---->\r\n              <div class=\"h-x-container-inner style-dynamic-130-c20-group style-246-spacing style-local-130-c20-spacing\"><span class=\"h-link__outer style-247-outer style-local-130-c21-outer d-inline-flex h-element\"><a h-use-smooth-scroll=\"true\" href=\"\"  data-colibri-id=\"130-c21\" class=\"d-flex w-100 align-items-center h-link style-247 style-local-130-c21 position-relative\"><!----><!----> <span>Leer m\u00e1s<\/span>                <span class=\"h-svg-icon h-link__icon style-247-icon style-local-130-c21-icon\"><!--Icon by Icons8 Line Awesome (https:\/\/icons8.com\/line-awesome)--><svg version=\"1.1\" xmlns=\"http:\/\/www.w3.org\/2000\/svg\" xmlns:xlink=\"http:\/\/www.w3.org\/1999\/xlink\" id=\"angle-double-right\" viewBox=\"0 0 512 545.5\"><path d=\"M145.5 108.5l168 168L325 288l-11.5 11.5-168 168-22.5-23L279.5 288 123 131.5zm112 0l168 168L437 288l-11.5 11.5-168 168-22.5-23L391.5 288 235 131.5z\"><\/path><\/svg><\/span><\/a>\r\n                <\/span>\r\n              <\/div>\r\n            <\/div>\r\n          <\/div>\r\n        <\/div>\r\n      <\/div>\r\n    <\/div>\r\n  <\/div>\r\n<\/div>\r\n<\/div>\r\n<\/div>","protected":false},"excerpt":{"rendered":"<p>quienes somos Empresa con m\u00e1s de 20 a\u00f1os de experiencia al servicio de nuestros clientes.&nbsp; Leer m\u00e1s EQUIPO El equipo humano de Jaipo se compone de profesionales altamente cualificados en continua formaci\u00f3n. Personas con una gran capacidad de dedicaci\u00f3n al cumplimiento de los requisitos exigidos por nuestros clientes, con la m\u00e1xima transparencia y plena satisfacci\u00f3n [&hellip;]<\/p>\n","protected":false},"author":3,"featured_media":0,"parent":0,"menu_order":0,"comment_status":"closed","ping_status":"closed","template":"page-templates\/homepage.php","meta":{"footnotes":""},"class_list":["post-130","page","type-page","status-publish","hentry"],"_links":{"self":[{"href":"https:\/\/aislamientosjaipo.es\/index.php?rest_route=\/wp\/v2\/pages\/130","targetHints":{"allow":["GET"]}}],"collection":[{"href":"https:\/\/aislamientosjaipo.es\/index.php?rest_route=\/wp\/v2\/pages"}],"about":[{"href":"https:\/\/aislamientosjaipo.es\/index.php?rest_route=\/wp\/v2\/types\/page"}],"author":[{"embeddable":true,"href":"https:\/\/aislamientosjaipo.es\/index.php?rest_route=\/wp\/v2\/users\/3"}],"replies":[{"embeddable":true,"href":"https:\/\/aislamientosjaipo.es\/index.php?rest_route=%2Fwp%2Fv2%2Fcomments&post=130"}],"version-history":[{"count":20,"href":"https:\/\/aislamientosjaipo.es\/index.php?rest_route=\/wp\/v2\/pages\/130\/revisions"}],"predecessor-version":[{"id":524,"href":"https:\/\/aislamientosjaipo.es\/index.php?rest_route=\/wp\/v2\/pages\/130\/revisions\/524"}],"wp:attachment":[{"href":"https:\/\/aislamientosjaipo.es\/index.php?rest_route=%2Fwp%2Fv2%2Fmedia&parent=130"}],"curies":[{"name":"wp","href":"https:\/\/api.w.org\/{rel}","templated":true}]}}